{"id":285,"date":"2019-08-11T17:33:06","date_gmt":"2019-08-11T15:33:06","guid":{"rendered":"http:\/\/www.human-rights-year.com\/?page_id=285"},"modified":"2023-09-25T09:26:12","modified_gmt":"2023-09-25T07:26:12","slug":"projekt","status":"publish","type":"page","link":"https:\/\/www.human-rights-year.com\/de\/projekt\/","title":{"rendered":"Das Projekt \u201eEurop\u00e4ischer Menschenrechtsdialog\u201c"},"content":{"rendered":"<p>Das Projekt Europ\u00e4ischer Menschenrechtsdialog hat zum Ziel, langfristige Beziehungen zwischen den Zivilgesellschaften der europ\u00e4ischen L\u00e4nder aufzubauen, wobei der Schwerpunkt auf der St\u00e4rkung von Pluralismus und Menschenrechten liegt, aber auch auf der Unterst\u00fctzung von in Deutschland lebenden Antikriegsaktivist:innen, die seit Beginn der russischen Invasion in der Ukraine ihre Heimat verlassen mussten.<\/p>\n<p>Die Situation der politischen Gefangenen und andere Menschenrechtsprobleme versch\u00e4rfen sich von Jahr zu Jahr. Wir beleben den Dialog zwischen der russischen und der deutschen Menschenrechtsgemeinschaft und bauen eine konstruktive Interaktion, gegenseitige Information und Unterst\u00fctzung auf.<\/p>\n<p>Wir informieren die deutsche \u00d6ffentlichkeit \u00fcber die Situation des Menschenrechtsschutzes in Russland und schaffen einen Mechanismus zur Unterst\u00fctzung russischer Menschenrechtsverteidiger, Opfer politischer Repressionen und politischer Gefangener.<\/p>\n<p>In Zusammenarbeit mit Memorial erstellen wir regelm\u00e4\u00dfig Berichte \u00fcber die Situation der Menschenrechte und der Repressionen in Russland.<\/p>\n<p>Im Rahmen unseres Projektes sind f\u00fcr 2023 geplant Doku-Theaterabende &#8222;Ich bin&#8217;s nicht, Wladimir Putin ist es gewesen&#8220; mit anschlie\u00dfenden Diskussionen, Online-Seminare f\u00fcr Aktivist:innen und Kunst- und Kulturschaffende sowie die Jahreskonferenz &#8222;Frieden und Menschenrechte in Zeiten der Verunsicherung&#8220;.<\/p>\n<p>Ein Schwerpunkt in diesem Jahr ist die Kampagne gegen Desinformation und Fake News. In diesem Jahr haben wir eine Beobachtungsgruppe zur Erkennung von Fake News eingerichtet und werden regelm\u00e4\u00dfig einige der Ergebnisse ihrer Arbeit hier ver\u00f6ffentlichen. Im Rahmen der Kampagne sind 4 Online-Workshops f\u00fcr russischsprachige Blogger:innen und Aktivist:innen zum Thema Fake News geplant.<\/p>\n<p><span lang=\"DE\">Wir freuen uns auf Ihre Teilnahme am Europ\u00e4ischen Menschenrechtsdialog auf unserer Website und <a href=\"https:\/\/www.facebook.com\/MenschenrechteDialog\/\">in den Sozialen Netzen.<\/a>\u00a0Ebenso laden wir Sie ein, den Newsletter zu Menschenrechtsfragen zu abonnieren,\u00a0<a href=\"http:\/\/eepurl.com\/hG_F_n\">indem Sie auf den folgenden Link klicken.<\/a><\/span><\/p>\n<p>Das Projekt wird aus Mitteln des Ausw\u00e4rtigen Amtes im Rahmen des Programmes \u201eAusbau der Zusammenarbeit mit der Gesellschaft in den L\u00e4ndern der \u00d6stlichen Partnerschaft und Russland\u201c gef\u00f6rdert:<\/p>\n<p>&nbsp;<\/p>\n","protected":false},"excerpt":{"rendered":"<p>Das Projekt Europ\u00e4ischer Menschenrechtsdialog hat zum Ziel, langfristige Beziehungen zwischen den Zivilgesellschaften der europ\u00e4ischen L\u00e4nder aufzubauen, wobei der Schwerpunkt auf der St\u00e4rkung von Pluralismus und<\/p>\n","protected":false},"author":1,"featured_media":3370,"parent":0,"menu_order":0,"comment_status":"closed","ping_status":"closed","template":"","meta":[],"yoast_head":"<!-- This site is optimized with the Yoast SEO plugin v19.4 - https:\/\/yoast.com\/wordpress\/plugins\/seo\/ -->\n<title>Das Projekt \u201eEurop\u00e4ischer Menschenrechtsdialog\u201c - Europ\u00e4ischer Menschenrechtsdialog<\/title>\n<meta name=\"description\" content=\"Unser Projekt wird durchgef\u00fchrt, um\u00a0die deutsche Gesellschaft einschlie\u00dflich seines russischsprachigen Teils \u00fcber die Lage in\u00a0Bezug auf die Achtung der Menschenrechte in\u00a0Russland, und die B\u00fcrgerInnen Russlands\u00a0\u2014 \u00fcber die Situation in\u00a0diesem Bereich in\u00a0Deutschland zu\u00a0informieren.\" \/>\n<meta name=\"robots\" content=\"index, follow, max-snippet:-1, max-image-preview:large, max-video-preview:-1\" \/>\n<link rel=\"canonical\" href=\"https:\/\/www.human-rights-year.com\/de\/projekt\/\" \/>\n<meta property=\"og:locale\" content=\"de_DE\" \/>\n<meta property=\"og:type\" content=\"article\" \/>\n<meta property=\"og:title\" content=\"Das Projekt \u201eEurop\u00e4ischer Menschenrechtsdialog\u201c - Europ\u00e4ischer Menschenrechtsdialog\" \/>\n<meta property=\"og:description\" content=\"Unser Projekt wird durchgef\u00fchrt, um\u00a0die deutsche Gesellschaft einschlie\u00dflich seines russischsprachigen Teils \u00fcber die Lage in\u00a0Bezug auf die Achtung der Menschenrechte in\u00a0Russland, und die B\u00fcrgerInnen Russlands\u00a0\u2014 \u00fcber die Situation in\u00a0diesem Bereich in\u00a0Deutschland zu\u00a0informieren.\" \/>\n<meta property=\"og:url\" content=\"https:\/\/www.human-rights-year.com\/de\/projekt\/\" \/>\n<meta property=\"og:site_name\" content=\"Europ\u00e4ischer Menschenrechtsdialog\" \/>\n<meta property=\"article:modified_time\" content=\"2023-09-25T07:26:12+00:00\" \/>\n<meta property=\"og:image\" content=\"https:\/\/www.human-rights-year.com\/wp-content\/uploads\/2020\/05\/AdobeStock_149747993-1024x683.jpeg\" \/>\n\t<meta property=\"og:image:width\" content=\"1024\" \/>\n\t<meta property=\"og:image:height\" content=\"683\" \/>\n\t<meta property=\"og:image:type\" content=\"image\/jpeg\" \/>\n<meta name=\"twitter:card\" content=\"summary_large_image\" \/>\n<meta name=\"twitter:label1\" content=\"Gesch\u00e4tzte Lesezeit\" \/>\n\t<meta name=\"twitter:data1\" content=\"2\u00a0Minuten\" \/>\n<script type=\"application\/ld+json\" class=\"yoast-schema-graph\">{\"@context\":\"https:\/\/schema.org\",\"@graph\":[{\"@type\":\"WebSite\",\"@id\":\"https:\/\/www.human-rights-year.com\/#website\",\"url\":\"https:\/\/www.human-rights-year.com\/\",\"name\":\"\u0415\u0432\u0440\u043e\u043f\u0435\u0439\u0441\u043a\u0438\u0439 \u043f\u0440\u0430\u0432\u043e\u0437\u0430\u0449\u0438\u0442\u043d\u044b\u0439 \u0434\u0438\u0430\u043b\u043e\u0433\",\"description\":\" \",\"potentialAction\":[{\"@type\":\"SearchAction\",\"target\":{\"@type\":\"EntryPoint\",\"urlTemplate\":\"https:\/\/www.human-rights-year.com\/?s={search_term_string}\"},\"query-input\":\"required name=search_term_string\"}],\"inLanguage\":\"de\"},{\"@type\":\"WebPage\",\"@id\":\"https:\/\/www.human-rights-year.com\/de\/projekt\/\",\"url\":\"https:\/\/www.human-rights-year.com\/de\/projekt\/\",\"name\":\"Das Projekt \u201eEurop\u00e4ischer Menschenrechtsdialog\u201c - Europ\u00e4ischer Menschenrechtsdialog\",\"isPartOf\":{\"@id\":\"https:\/\/www.human-rights-year.com\/#website\"},\"datePublished\":\"2019-08-11T15:33:06+00:00\",\"dateModified\":\"2023-09-25T07:26:12+00:00\",\"description\":\"Unser Projekt wird durchgef\u00fchrt, um\u00a0die deutsche Gesellschaft einschlie\u00dflich seines russischsprachigen Teils \u00fcber die Lage in\u00a0Bezug auf die Achtung der Menschenrechte in\u00a0Russland, und die B\u00fcrgerInnen Russlands\u00a0\u2014 \u00fcber die Situation in\u00a0diesem Bereich in\u00a0Deutschland zu\u00a0informieren.\",\"breadcrumb\":{\"@id\":\"https:\/\/www.human-rights-year.com\/de\/projekt\/#breadcrumb\"},\"inLanguage\":\"de\",\"potentialAction\":[{\"@type\":\"ReadAction\",\"target\":[\"https:\/\/www.human-rights-year.com\/de\/projekt\/\"]}]},{\"@type\":\"BreadcrumbList\",\"@id\":\"https:\/\/www.human-rights-year.com\/de\/projekt\/#breadcrumb\",\"itemListElement\":[{\"@type\":\"ListItem\",\"position\":1,\"name\":\"\u0413\u043b\u0430\u0432\u043d\u0430\u044f \u0441\u0442\u0440\u0430\u043d\u0438\u0446\u0430\",\"item\":\"https:\/\/www.human-rights-year.com\/de\/\"},{\"@type\":\"ListItem\",\"position\":2,\"name\":\"Das Projekt \u201eEurop\u00e4ischer Menschenrechtsdialog\u201c\"}]}]}<\/script>\n<!-- \/ Yoast SEO plugin. -->","yoast_head_json":{"title":"Das Projekt \u201eEurop\u00e4ischer Menschenrechtsdialog\u201c - Europ\u00e4ischer Menschenrechtsdialog","description":"Unser Projekt wird durchgef\u00fchrt, um\u00a0die deutsche Gesellschaft einschlie\u00dflich seines russischsprachigen Teils \u00fcber die Lage in\u00a0Bezug auf die Achtung der Menschenrechte in\u00a0Russland, und die B\u00fcrgerInnen Russlands\u00a0\u2014 \u00fcber die Situation in\u00a0diesem Bereich in\u00a0Deutschland zu\u00a0informieren.","robots":{"index":"index","follow":"follow","max-snippet":"max-snippet:-1","max-image-preview":"max-image-preview:large","max-video-preview":"max-video-preview:-1"},"canonical":"https:\/\/www.human-rights-year.com\/de\/projekt\/","og_locale":"de_DE","og_type":"article","og_title":"Das Projekt \u201eEurop\u00e4ischer Menschenrechtsdialog\u201c - Europ\u00e4ischer Menschenrechtsdialog","og_description":"Unser Projekt wird durchgef\u00fchrt, um\u00a0die deutsche Gesellschaft einschlie\u00dflich seines russischsprachigen Teils \u00fcber die Lage in\u00a0Bezug auf die Achtung der Menschenrechte in\u00a0Russland, und die B\u00fcrgerInnen Russlands\u00a0\u2014 \u00fcber die Situation in\u00a0diesem Bereich in\u00a0Deutschland zu\u00a0informieren.","og_url":"https:\/\/www.human-rights-year.com\/de\/projekt\/","og_site_name":"Europ\u00e4ischer Menschenrechtsdialog","article_modified_time":"2023-09-25T07:26:12+00:00","og_image":[{"width":1024,"height":683,"url":"https:\/\/www.human-rights-year.com\/wp-content\/uploads\/2020\/05\/AdobeStock_149747993-1024x683.jpeg","type":"image\/jpeg"}],"twitter_card":"summary_large_image","twitter_misc":{"Gesch\u00e4tzte Lesezeit":"2\u00a0Minuten"},"schema":{"@context":"https:\/\/schema.org","@graph":[{"@type":"WebSite","@id":"https:\/\/www.human-rights-year.com\/#website","url":"https:\/\/www.human-rights-year.com\/","name":"\u0415\u0432\u0440\u043e\u043f\u0435\u0439\u0441\u043a\u0438\u0439 \u043f\u0440\u0430\u0432\u043e\u0437\u0430\u0449\u0438\u0442\u043d\u044b\u0439 \u0434\u0438\u0430\u043b\u043e\u0433","description":" ","potentialAction":[{"@type":"SearchAction","target":{"@type":"EntryPoint","urlTemplate":"https:\/\/www.human-rights-year.com\/?s={search_term_string}"},"query-input":"required name=search_term_string"}],"inLanguage":"de"},{"@type":"WebPage","@id":"https:\/\/www.human-rights-year.com\/de\/projekt\/","url":"https:\/\/www.human-rights-year.com\/de\/projekt\/","name":"Das Projekt \u201eEurop\u00e4ischer Menschenrechtsdialog\u201c - Europ\u00e4ischer Menschenrechtsdialog","isPartOf":{"@id":"https:\/\/www.human-rights-year.com\/#website"},"datePublished":"2019-08-11T15:33:06+00:00","dateModified":"2023-09-25T07:26:12+00:00","description":"Unser Projekt wird durchgef\u00fchrt, um\u00a0die deutsche Gesellschaft einschlie\u00dflich seines russischsprachigen Teils \u00fcber die Lage in\u00a0Bezug auf die Achtung der Menschenrechte in\u00a0Russland, und die B\u00fcrgerInnen Russlands\u00a0\u2014 \u00fcber die Situation in\u00a0diesem Bereich in\u00a0Deutschland zu\u00a0informieren.","breadcrumb":{"@id":"https:\/\/www.human-rights-year.com\/de\/projekt\/#breadcrumb"},"inLanguage":"de","potentialAction":[{"@type":"ReadAction","target":["https:\/\/www.human-rights-year.com\/de\/projekt\/"]}]},{"@type":"BreadcrumbList","@id":"https:\/\/www.human-rights-year.com\/de\/projekt\/#breadcrumb","itemListElement":[{"@type":"ListItem","position":1,"name":"\u0413\u043b\u0430\u0432\u043d\u0430\u044f \u0441\u0442\u0440\u0430\u043d\u0438\u0446\u0430","item":"https:\/\/www.human-rights-year.com\/de\/"},{"@type":"ListItem","position":2,"name":"Das Projekt \u201eEurop\u00e4ischer Menschenrechtsdialog\u201c"}]}]}},"_links":{"self":[{"href":"https:\/\/www.human-rights-year.com\/de\/wp-json\/wp\/v2\/pages\/285"}],"collection":[{"href":"https:\/\/www.human-rights-year.com\/de\/wp-json\/wp\/v2\/pages"}],"about":[{"href":"https:\/\/www.human-rights-year.com\/de\/wp-json\/wp\/v2\/types\/page"}],"author":[{"embeddable":true,"href":"https:\/\/www.human-rights-year.com\/de\/wp-json\/wp\/v2\/users\/1"}],"replies":[{"embeddable":true,"href":"https:\/\/www.human-rights-year.com\/de\/wp-json\/wp\/v2\/comments?post=285"}],"version-history":[{"count":0,"href":"https:\/\/www.human-rights-year.com\/de\/wp-json\/wp\/v2\/pages\/285\/revisions"}],"wp:featuredmedia":[{"embeddable":true,"href":"https:\/\/www.human-rights-year.com\/de\/wp-json\/wp\/v2\/media\/3370"}],"wp:attachment":[{"href":"https:\/\/www.human-rights-year.com\/de\/wp-json\/wp\/v2\/media?parent=285"}],"curies":[{"name":"wp","href":"https:\/\/api.w.org\/{rel}","templated":true}]}}